{"id":2167,"date":"2021-03-04T16:53:19","date_gmt":"2021-03-04T15:53:19","guid":{"rendered":"https:\/\/nolimitsaudio.com\/products-2"},"modified":"2021-03-04T16:53:19","modified_gmt":"2021-03-04T15:53:19","slug":"products-2","status":"publish","type":"page","link":"https:\/\/nolimitsaudio.com\/en\/products-2\/","title":{"rendered":"Products"},"content":{"rendered":"\t\t<div data-elementor-type=\"wp-page\" data-elementor-id=\"2167\" class=\"elementor elementor-2167 elementor-558\" data-elementor-post-type=\"page\">\n\t\t\t\t\t\t<div data-particle_enable=\"false\" data-particle-mobile-disabled=\"false\" class=\"elementor-section elementor-top-section elementor-element elementor-element-c04e7c6 primer-contenedor elementor-section-full_width elementor-section-height-default elementor-section-height-default\" data-id=\"c04e7c6\" data-element_type=\"section\" data-e-type=\"section\">\n\t\t\t\t\t\t<div class=\"elementor-container elementor-column-gap-default\">\n\t\t\t\t\t<div class=\"elementor-column elementor-col-100 elementor-top-column elementor-element elementor-element-0b5a9bc\" data-id=\"0b5a9bc\" data-element_type=\"column\" data-e-type=\"column\">\n\t\t\t<div class=\"elementor-widget-wrap elementor-element-populated\">\n\t\t\t\t\t\t<div class=\"elementor-element elementor-element-470d29a elementor-widget elementor-widget-text-editor\" data-id=\"470d29a\" data-element_type=\"widget\" data-e-type=\"widget\" data-widget_type=\"text-editor.default\">\n\t\t\t\t<div class=\"elementor-widget-container\">\n\t\t\t\t\t\t\t\t\t<p>Nuestra empresa importa en exclusiva para Espa\u00f1a una selecta gama de productos pertenecientes a las marcas l\u00edderes en su especialidad, que ofrecen lo \u00faltimo en dise\u00f1o, tecnolog\u00eda, prestaciones, fiabilidad y servicio dentro de sus respectivas categor\u00edas. \u00c9stos se comercializan a trav\u00e9s de una Red de Distribuidores Autorizados altamente comprometidos en la b\u00fasqueda de la m\u00e1xima excelencia en sonido, imagen e integraci\u00f3n de sistemas.<\/p>\n\t\t\t\t\t\t\t\t<\/div>\n\t\t\t\t<\/div>\n\t\t\t\t\t<\/div>\n\t\t<\/div>\n\t\t\t\t\t<\/div>\n\t\t<\/div>\n\t\t\t\t<div data-particle_enable=\"false\" data-particle-mobile-disabled=\"false\" class=\"elementor-section elementor-top-section elementor-element elementor-element-96d6a21 bg-claro contenedor ancho elementor-section-stretched elementor-section-boxed elementor-section-height-default elementor-section-height-default\" data-id=\"96d6a21\" data-element_type=\"section\" data-e-type=\"section\" data-settings=\"{&quot;stretch_section&quot;:&quot;section-stretched&quot;}\">\n\t\t\t\t\t\t<div class=\"elementor-container elementor-column-gap-default\">\n\t\t\t\t\t<div class=\"elementor-column elementor-col-100 elementor-top-column elementor-element elementor-element-9acda90\" data-id=\"9acda90\" data-element_type=\"column\" data-e-type=\"column\">\n\t\t\t<div class=\"elementor-widget-wrap elementor-element-populated\">\n\t\t\t\t\t\t<div class=\"elementor-element elementor-element-c9d67cb elementor-widget elementor-widget-heading\" data-id=\"c9d67cb\" data-element_type=\"widget\" data-e-type=\"widget\" data-widget_type=\"heading.default\">\n\t\t\t\t<div class=\"elementor-widget-container\">\n\t\t\t\t\t<h2 class=\"elementor-heading-title elementor-size-default\">Products category<\/h2>\t\t\t\t<\/div>\n\t\t\t\t<\/div>\n\t\t\t\t<div class=\"elementor-element elementor-element-4596aed elementor-grid-4 elementor-grid-tablet-3 elementor-grid-mobile-2 elementor-products-grid elementor-wc-products elementor-widget elementor-widget-wc-categories\" data-id=\"4596aed\" data-element_type=\"widget\" data-e-type=\"widget\" data-widget_type=\"wc-categories.default\">\n\t\t\t\t<div class=\"elementor-widget-container\">\n\t\t\t\t\t<div class=\"woocommerce columns-4\"><ul class=\"products elementor-grid columns-4\">\n<li class=\"product-category product first\">\n\t<a aria-label=\"Visit product category Accesories\" href=\"https:\/\/nolimitsaudio.com\/en\/product-category\/accesories\/\"><img fetchpriority=\"high\" decoding=\"async\" src=\"https:\/\/nolimitsaudio.com\/wp-content\/uploads\/woocommerce-placeholder-300x300.png\" alt=\"Accesories\" width=\"300\" height=\"300\" \/>\t\t<h2 class=\"woocommerce-loop-category__title\">\n\t\t\tAccesories <mark class=\"count\">(1)<\/mark>\t\t<\/h2>\n\t\t<\/a><\/li>\n<li class=\"product-category product\">\n\t<a aria-label=\"Visit product category Digital cables\" href=\"https:\/\/nolimitsaudio.com\/en\/product-category\/digital-cables\/\"><img decoding=\"async\" src=\"https:\/\/nolimitsaudio.com\/wp-content\/uploads\/woocommerce-placeholder-300x300.png\" alt=\"Digital cables\" width=\"300\" height=\"300\" \/>\t\t<h2 class=\"woocommerce-loop-category__title\">\n\t\t\tDigital cables <mark class=\"count\">(1)<\/mark>\t\t<\/h2>\n\t\t<\/a><\/li>\n<li class=\"product-category product\">\n\t<a aria-label=\"Visit product category Integrated Amplifiers\" href=\"https:\/\/nolimitsaudio.com\/en\/product-category\/integrated-amplifiers\/\"><img decoding=\"async\" src=\"https:\/\/nolimitsaudio.com\/wp-content\/uploads\/2021\/01\/categoria-amplificadores-integrados-300x300.jpg\" alt=\"Integrated Amplifiers\" width=\"300\" height=\"300\" srcset=\"https:\/\/nolimitsaudio.com\/wp-content\/uploads\/2021\/01\/categoria-amplificadores-integrados-300x300.jpg 300w, https:\/\/nolimitsaudio.com\/wp-content\/uploads\/2021\/01\/categoria-amplificadores-integrados-150x150.jpg 150w, https:\/\/nolimitsaudio.com\/wp-content\/uploads\/2021\/01\/categoria-amplificadores-integrados-30x30.jpg 30w, https:\/\/nolimitsaudio.com\/wp-content\/uploads\/2021\/01\/categoria-amplificadores-integrados-100x100.jpg 100w, https:\/\/nolimitsaudio.com\/wp-content\/uploads\/2021\/01\/categoria-amplificadores-integrados.jpg 500w\" sizes=\"(max-width: 300px) 100vw, 300px\" \/>\t\t<h2 class=\"woocommerce-loop-category__title\">\n\t\t\tIntegrated Amplifiers <mark class=\"count\">(2)<\/mark>\t\t<\/h2>\n\t\t<\/a><\/li>\n<li class=\"product-category product last\">\n\t<a aria-label=\"Visit product category Interconnection cables\" href=\"https:\/\/nolimitsaudio.com\/en\/product-category\/interconnection-cables\/\"><img loading=\"lazy\" decoding=\"async\" src=\"https:\/\/nolimitsaudio.com\/wp-content\/uploads\/woocommerce-placeholder-300x300.png\" alt=\"Interconnection cables\" width=\"300\" height=\"300\" \/>\t\t<h2 class=\"woocommerce-loop-category__title\">\n\t\t\tInterconnection cables <mark class=\"count\">(3)<\/mark>\t\t<\/h2>\n\t\t<\/a><\/li>\n<li class=\"product-category product first\">\n\t<a aria-label=\"Visit product category Phono preamps\" href=\"https:\/\/nolimitsaudio.com\/en\/product-category\/phono-preamps\/\"><img loading=\"lazy\" decoding=\"async\" src=\"https:\/\/nolimitsaudio.com\/wp-content\/uploads\/woocommerce-placeholder-300x300.png\" alt=\"Phono preamps\" width=\"300\" height=\"300\" \/>\t\t<h2 class=\"woocommerce-loop-category__title\">\n\t\t\tPhono preamps <mark class=\"count\">(2)<\/mark>\t\t<\/h2>\n\t\t<\/a><\/li>\n<li class=\"product-category product\">\n\t<a aria-label=\"Visit product category Power cables\" href=\"https:\/\/nolimitsaudio.com\/en\/product-category\/power-cables\/\"><img loading=\"lazy\" decoding=\"async\" src=\"https:\/\/nolimitsaudio.com\/wp-content\/uploads\/woocommerce-placeholder-300x300.png\" alt=\"Power cables\" width=\"300\" height=\"300\" \/>\t\t<h2 class=\"woocommerce-loop-category__title\">\n\t\t\tPower cables <mark class=\"count\">(1)<\/mark>\t\t<\/h2>\n\t\t<\/a><\/li>\n<li class=\"product-category product\">\n\t<a aria-label=\"Visit product category Speaker Cables\" href=\"https:\/\/nolimitsaudio.com\/en\/product-category\/speaker-cables\/\"><img loading=\"lazy\" decoding=\"async\" src=\"https:\/\/nolimitsaudio.com\/wp-content\/uploads\/woocommerce-placeholder-300x300.png\" alt=\"Speaker Cables\" width=\"300\" height=\"300\" \/>\t\t<h2 class=\"woocommerce-loop-category__title\">\n\t\t\tSpeaker Cables <mark class=\"count\">(2)<\/mark>\t\t<\/h2>\n\t\t<\/a><\/li>\n<li class=\"product-category product last\">\n\t<a aria-label=\"Visit product category Speakers\" href=\"https:\/\/nolimitsaudio.com\/en\/product-category\/speakers\/\"><img loading=\"lazy\" decoding=\"async\" src=\"https:\/\/nolimitsaudio.com\/wp-content\/uploads\/2021\/04\/Falcon-Sterophile-RC2021-ES-300x300.png\" alt=\"Speakers\" width=\"300\" height=\"300\" srcset=\"https:\/\/nolimitsaudio.com\/wp-content\/uploads\/2021\/04\/Falcon-Sterophile-RC2021-ES-300x300.png 300w, https:\/\/nolimitsaudio.com\/wp-content\/uploads\/2021\/04\/Falcon-Sterophile-RC2021-ES-150x150.png 150w, https:\/\/nolimitsaudio.com\/wp-content\/uploads\/2021\/04\/Falcon-Sterophile-RC2021-ES-100x100.png 100w\" sizes=\"(max-width: 300px) 100vw, 300px\" \/>\t\t<h2 class=\"woocommerce-loop-category__title\">\n\t\t\tSpeakers <mark class=\"count\">(3)<\/mark>\t\t<\/h2>\n\t\t<\/a><\/li>\n<\/ul>\n<\/div>\t\t\t\t<\/div>\n\t\t\t\t<\/div>\n\t\t\t\t\t<\/div>\n\t\t<\/div>\n\t\t\t\t\t<\/div>\n\t\t<\/div>\n\t\t\t\t<section data-particle_enable=\"false\" data-particle-mobile-disabled=\"false\" class=\"elementor-section elementor-top-section elementor-element elementor-element-23fdde06 contenedor elementor-section-boxed elementor-section-height-default elementor-section-height-default\" data-id=\"23fdde06\" data-element_type=\"section\" data-e-type=\"section\" id=\"before-footer\">\n\t\t\t\t\t\t<div class=\"elementor-container elementor-column-gap-default\">\n\t\t\t\t\t<div class=\"elementor-column elementor-col-100 elementor-top-column elementor-element elementor-element-8e36981\" data-id=\"8e36981\" data-element_type=\"column\" data-e-type=\"column\">\n\t\t\t<div class=\"elementor-widget-wrap elementor-element-populated\">\n\t\t\t\t\t\t<div class=\"elementor-element elementor-element-4f04355e elementor-widget elementor-widget-image\" data-id=\"4f04355e\" data-element_type=\"widget\" data-e-type=\"widget\" data-widget_type=\"image.default\">\n\t\t\t\t<div class=\"elementor-widget-container\">\n\t\t\t\t\t\t\t\t\t\t\t\t\t\t\t<img decoding=\"async\" src=\"https:\/\/nolimitsaudio.com\/wp-content\/uploads\/elementor\/thumbs\/logo-pie-q41mj883philbhid655jd0c6zjrgowp956xxx6hkjo.jpg\" title=\"No limits audio &#8211; Logo pie\" alt=\"No limits audio - Logo pie\" loading=\"lazy\" \/>\t\t\t\t\t\t\t\t\t\t\t\t\t\t\t<\/div>\n\t\t\t\t<\/div>\n\t\t\t\t<div class=\"elementor-element elementor-element-7fc1aa26 elementor-shape-circle elementor-grid-0 e-grid-align-center elementor-widget elementor-widget-social-icons\" data-id=\"7fc1aa26\" data-element_type=\"widget\" data-e-type=\"widget\" data-widget_type=\"social-icons.default\">\n\t\t\t\t<div class=\"elementor-widget-container\">\n\t\t\t\t\t\t\t<div class=\"elementor-social-icons-wrapper elementor-grid\" role=\"list\">\n\t\t\t\t\t\t\t<span class=\"elementor-grid-item\" role=\"listitem\">\n\t\t\t\t\t<a class=\"elementor-icon elementor-social-icon elementor-social-icon-facebook elementor-repeater-item-c4d86e4\" href=\"https:\/\/www.facebook.com\/nolimitsaudiospain\" target=\"_blank\">\n\t\t\t\t\t\t<span class=\"elementor-screen-only\">Facebook<\/span>\n\t\t\t\t\t\t<svg aria-hidden=\"true\" class=\"e-font-icon-svg e-fab-facebook\" viewBox=\"0 0 512 512\" xmlns=\"http:\/\/www.w3.org\/2000\/svg\"><path d=\"M504 256C504 119 393 8 256 8S8 119 8 256c0 123.78 90.69 226.38 209.25 245V327.69h-63V256h63v-54.64c0-62.15 37-96.48 93.67-96.48 27.14 0 55.52 4.84 55.52 4.84v61h-31.28c-30.8 0-40.41 19.12-40.41 38.73V256h68.78l-11 71.69h-57.78V501C413.31 482.38 504 379.78 504 256z\"><\/path><\/svg>\t\t\t\t\t<\/a>\n\t\t\t\t<\/span>\n\t\t\t\t\t\t\t<span class=\"elementor-grid-item\" role=\"listitem\">\n\t\t\t\t\t<a class=\"elementor-icon elementor-social-icon elementor-social-icon-instagram elementor-repeater-item-073ed34\" href=\"https:\/\/www.instagram.com\/nolimitsaudio2020\/\" target=\"_blank\">\n\t\t\t\t\t\t<span class=\"elementor-screen-only\">Instagram<\/span>\n\t\t\t\t\t\t<svg aria-hidden=\"true\" class=\"e-font-icon-svg e-fab-instagram\" viewBox=\"0 0 448 512\" xmlns=\"http:\/\/www.w3.org\/2000\/svg\"><path d=\"M224.1 141c-63.6 0-114.9 51.3-114.9 114.9s51.3 114.9 114.9 114.9S339 319.5 339 255.9 287.7 141 224.1 141zm0 189.6c-41.1 0-74.7-33.5-74.7-74.7s33.5-74.7 74.7-74.7 74.7 33.5 74.7 74.7-33.6 74.7-74.7 74.7zm146.4-194.3c0 14.9-12 26.8-26.8 26.8-14.9 0-26.8-12-26.8-26.8s12-26.8 26.8-26.8 26.8 12 26.8 26.8zm76.1 27.2c-1.7-35.9-9.9-67.7-36.2-93.9-26.2-26.2-58-34.4-93.9-36.2-37-2.1-147.9-2.1-184.9 0-35.8 1.7-67.6 9.9-93.9 36.1s-34.4 58-36.2 93.9c-2.1 37-2.1 147.9 0 184.9 1.7 35.9 9.9 67.7 36.2 93.9s58 34.4 93.9 36.2c37 2.1 147.9 2.1 184.9 0 35.9-1.7 67.7-9.9 93.9-36.2 26.2-26.2 34.4-58 36.2-93.9 2.1-37 2.1-147.8 0-184.8zM398.8 388c-7.8 19.6-22.9 34.7-42.6 42.6-29.5 11.7-99.5 9-132.1 9s-102.7 2.6-132.1-9c-19.6-7.8-34.7-22.9-42.6-42.6-11.7-29.5-9-99.5-9-132.1s-2.6-102.7 9-132.1c7.8-19.6 22.9-34.7 42.6-42.6 29.5-11.7 99.5-9 132.1-9s102.7-2.6 132.1 9c19.6 7.8 34.7 22.9 42.6 42.6 11.7 29.5 9 99.5 9 132.1s2.7 102.7-9 132.1z\"><\/path><\/svg>\t\t\t\t\t<\/a>\n\t\t\t\t<\/span>\n\t\t\t\t\t\t\t<span class=\"elementor-grid-item\" role=\"listitem\">\n\t\t\t\t\t<a class=\"elementor-icon elementor-social-icon elementor-social-icon-twitter elementor-repeater-item-664e2cf\" href=\"https:\/\/twitter.com\/nolimitsaudio\" target=\"_blank\">\n\t\t\t\t\t\t<span class=\"elementor-screen-only\">Twitter<\/span>\n\t\t\t\t\t\t<svg aria-hidden=\"true\" class=\"e-font-icon-svg e-fab-twitter\" viewBox=\"0 0 512 512\" xmlns=\"http:\/\/www.w3.org\/2000\/svg\"><path d=\"M459.37 151.716c.325 4.548.325 9.097.325 13.645 0 138.72-105.583 298.558-298.558 298.558-59.452 0-114.68-17.219-161.137-47.106 8.447.974 16.568 1.299 25.34 1.299 49.055 0 94.213-16.568 130.274-44.832-46.132-.975-84.792-31.188-98.112-72.772 6.498.974 12.995 1.624 19.818 1.624 9.421 0 18.843-1.3 27.614-3.573-48.081-9.747-84.143-51.98-84.143-102.985v-1.299c13.969 7.797 30.214 12.67 47.431 13.319-28.264-18.843-46.781-51.005-46.781-87.391 0-19.492 5.197-37.36 14.294-52.954 51.655 63.675 129.3 105.258 216.365 109.807-1.624-7.797-2.599-15.918-2.599-24.04 0-57.828 46.782-104.934 104.934-104.934 30.213 0 57.502 12.67 76.67 33.137 23.715-4.548 46.456-13.32 66.599-25.34-7.798 24.366-24.366 44.833-46.132 57.827 21.117-2.273 41.584-8.122 60.426-16.243-14.292 20.791-32.161 39.308-52.628 54.253z\"><\/path><\/svg>\t\t\t\t\t<\/a>\n\t\t\t\t<\/span>\n\t\t\t\t\t<\/div>\n\t\t\t\t\t\t<\/div>\n\t\t\t\t<\/div>\n\t\t\t\t\t<\/div>\n\t\t<\/div>\n\t\t\t\t\t<\/div>\n\t\t<\/section>\n\t\t\t\t<\/div>\n\t\t","protected":false},"excerpt":{"rendered":"<p>Nuestra empresa importa en exclusiva para Espa\u00f1a una selecta gama de productos pertenecientes a las marcas l\u00edderes en su especialidad,&hellip;<\/p>\n","protected":false},"author":1,"featured_media":0,"parent":0,"menu_order":0,"comment_status":"closed","ping_status":"closed","template":"","meta":{"_acf_changed":false,"_eb_attr":"","footnotes":""},"class_list":["post-2167","page","type-page","status-publish","hentry"],"acf":[],"yoast_head":"<!-- This site is optimized with the Yoast SEO Premium plugin v26.8 (Yoast SEO v26.8) - https:\/\/yoast.com\/product\/yoast-seo-premium-wordpress\/ -->\n<title>Products &#8211; No Limits Audio<\/title>\n<meta name=\"robots\" content=\"index, follow, max-snippet:-1, max-image-preview:large, max-video-preview:-1\" \/>\n<link rel=\"canonical\" href=\"https:\/\/nolimitsaudio.com\/en\/products-2\/\" \/>\n<meta property=\"og:locale\" content=\"en_US\" \/>\n<meta property=\"og:type\" content=\"article\" \/>\n<meta property=\"og:title\" content=\"Products\" \/>\n<meta property=\"og:description\" content=\"Nuestra empresa importa en exclusiva para Espa\u00f1a una selecta gama de productos pertenecientes a las marcas l\u00edderes en su especialidad, que ofrecen lo\" \/>\n<meta property=\"og:url\" content=\"https:\/\/nolimitsaudio.com\/en\/products-2\/\" \/>\n<meta property=\"og:site_name\" content=\"No Limits Audio\" \/>\n<meta property=\"article:publisher\" content=\"https:\/\/www.facebook.com\/nolimitsaudiospain\" \/>\n<meta property=\"og:image\" content=\"https:\/\/nolimitsaudio.com\/wp-content\/uploads\/elementor\/thumbs\/logo-pie-oyci8tmlv8komaro502vh551vz6ob2g0vpdy3772o4.jpg\" \/>\n<meta name=\"twitter:card\" content=\"summary_large_image\" \/>\n<meta name=\"twitter:site\" content=\"@nolimitsaudio\" \/>\n<script type=\"application\/ld+json\" class=\"yoast-schema-graph\">{\"@context\":\"https:\/\/schema.org\",\"@graph\":[{\"@type\":\"WebPage\",\"@id\":\"https:\/\/nolimitsaudio.com\/en\/products-2\/\",\"url\":\"https:\/\/nolimitsaudio.com\/en\/products-2\/\",\"name\":\"Products &#8211; No Limits Audio\",\"isPartOf\":{\"@id\":\"https:\/\/nolimitsaudio.com\/en\/#website\"},\"primaryImageOfPage\":{\"@id\":\"https:\/\/nolimitsaudio.com\/en\/products-2\/#primaryimage\"},\"image\":{\"@id\":\"https:\/\/nolimitsaudio.com\/en\/products-2\/#primaryimage\"},\"thumbnailUrl\":\"https:\/\/nolimitsaudio.com\/wp-content\/uploads\/elementor\/thumbs\/logo-pie-oyci8tmlv8komaro502vh551vz6ob2g0vpdy3772o4.jpg\",\"datePublished\":\"2021-03-04T15:53:19+00:00\",\"breadcrumb\":{\"@id\":\"https:\/\/nolimitsaudio.com\/en\/products-2\/#breadcrumb\"},\"inLanguage\":\"en-US\",\"potentialAction\":[{\"@type\":\"ReadAction\",\"target\":[\"https:\/\/nolimitsaudio.com\/en\/products-2\/\"]}]},{\"@type\":\"ImageObject\",\"inLanguage\":\"en-US\",\"@id\":\"https:\/\/nolimitsaudio.com\/en\/products-2\/#primaryimage\",\"url\":\"https:\/\/nolimitsaudio.com\/wp-content\/uploads\/elementor\/thumbs\/logo-pie-oyci8tmlv8komaro502vh551vz6ob2g0vpdy3772o4.jpg\",\"contentUrl\":\"https:\/\/nolimitsaudio.com\/wp-content\/uploads\/elementor\/thumbs\/logo-pie-oyci8tmlv8komaro502vh551vz6ob2g0vpdy3772o4.jpg\"},{\"@type\":\"BreadcrumbList\",\"@id\":\"https:\/\/nolimitsaudio.com\/en\/products-2\/#breadcrumb\",\"itemListElement\":[{\"@type\":\"ListItem\",\"position\":1,\"name\":\"Portada\",\"item\":\"https:\/\/nolimitsaudio.com\/en\/\"},{\"@type\":\"ListItem\",\"position\":2,\"name\":\"Products\"}]},{\"@type\":\"WebSite\",\"@id\":\"https:\/\/nolimitsaudio.com\/en\/#website\",\"url\":\"https:\/\/nolimitsaudio.com\/en\/\",\"name\":\"No Limits Audio\",\"description\":\"La innovaci\u00f3n, nuestra raz\u00f3n de ser. Importador y distribuidor de Falcon Loudspeakers y JMF Audio\",\"publisher\":{\"@id\":\"https:\/\/nolimitsaudio.com\/en\/#organization\"},\"potentialAction\":[{\"@type\":\"SearchAction\",\"target\":{\"@type\":\"EntryPoint\",\"urlTemplate\":\"https:\/\/nolimitsaudio.com\/en\/?s={search_term_string}\"},\"query-input\":{\"@type\":\"PropertyValueSpecification\",\"valueRequired\":true,\"valueName\":\"search_term_string\"}}],\"inLanguage\":\"en-US\"},{\"@type\":\"Organization\",\"@id\":\"https:\/\/nolimitsaudio.com\/en\/#organization\",\"name\":\"No Limits Audio\",\"url\":\"https:\/\/nolimitsaudio.com\/en\/\",\"logo\":{\"@type\":\"ImageObject\",\"inLanguage\":\"en-US\",\"@id\":\"https:\/\/nolimitsaudio.com\/en\/#\/schema\/logo\/image\/\",\"url\":\"https:\/\/nolimitsaudio.com\/wp-content\/uploads\/2021\/04\/no-limits-audio_logo_naranja.png\",\"contentUrl\":\"https:\/\/nolimitsaudio.com\/wp-content\/uploads\/2021\/04\/no-limits-audio_logo_naranja.png\",\"width\":214,\"height\":133,\"caption\":\"No Limits Audio\"},\"image\":{\"@id\":\"https:\/\/nolimitsaudio.com\/en\/#\/schema\/logo\/image\/\"},\"sameAs\":[\"https:\/\/www.facebook.com\/nolimitsaudiospain\",\"https:\/\/x.com\/nolimitsaudio\",\"https:\/\/www.instagram.com\/nolimitsaudio2020\/\"]}]}<\/script>\n<!-- \/ Yoast SEO Premium plugin. -->","yoast_head_json":{"title":"Products &#8211; No Limits Audio","robots":{"index":"index","follow":"follow","max-snippet":"max-snippet:-1","max-image-preview":"max-image-preview:large","max-video-preview":"max-video-preview:-1"},"canonical":"https:\/\/nolimitsaudio.com\/en\/products-2\/","og_locale":"en_US","og_type":"article","og_title":"Products","og_description":"Nuestra empresa importa en exclusiva para Espa\u00f1a una selecta gama de productos pertenecientes a las marcas l\u00edderes en su especialidad, que ofrecen lo","og_url":"https:\/\/nolimitsaudio.com\/en\/products-2\/","og_site_name":"No Limits Audio","article_publisher":"https:\/\/www.facebook.com\/nolimitsaudiospain","og_image":[{"url":"https:\/\/nolimitsaudio.com\/wp-content\/uploads\/elementor\/thumbs\/logo-pie-oyci8tmlv8komaro502vh551vz6ob2g0vpdy3772o4.jpg","type":"","width":"","height":""}],"twitter_card":"summary_large_image","twitter_site":"@nolimitsaudio","schema":{"@context":"https:\/\/schema.org","@graph":[{"@type":"WebPage","@id":"https:\/\/nolimitsaudio.com\/en\/products-2\/","url":"https:\/\/nolimitsaudio.com\/en\/products-2\/","name":"Products &#8211; No Limits Audio","isPartOf":{"@id":"https:\/\/nolimitsaudio.com\/en\/#website"},"primaryImageOfPage":{"@id":"https:\/\/nolimitsaudio.com\/en\/products-2\/#primaryimage"},"image":{"@id":"https:\/\/nolimitsaudio.com\/en\/products-2\/#primaryimage"},"thumbnailUrl":"https:\/\/nolimitsaudio.com\/wp-content\/uploads\/elementor\/thumbs\/logo-pie-oyci8tmlv8komaro502vh551vz6ob2g0vpdy3772o4.jpg","datePublished":"2021-03-04T15:53:19+00:00","breadcrumb":{"@id":"https:\/\/nolimitsaudio.com\/en\/products-2\/#breadcrumb"},"inLanguage":"en-US","potentialAction":[{"@type":"ReadAction","target":["https:\/\/nolimitsaudio.com\/en\/products-2\/"]}]},{"@type":"ImageObject","inLanguage":"en-US","@id":"https:\/\/nolimitsaudio.com\/en\/products-2\/#primaryimage","url":"https:\/\/nolimitsaudio.com\/wp-content\/uploads\/elementor\/thumbs\/logo-pie-oyci8tmlv8komaro502vh551vz6ob2g0vpdy3772o4.jpg","contentUrl":"https:\/\/nolimitsaudio.com\/wp-content\/uploads\/elementor\/thumbs\/logo-pie-oyci8tmlv8komaro502vh551vz6ob2g0vpdy3772o4.jpg"},{"@type":"BreadcrumbList","@id":"https:\/\/nolimitsaudio.com\/en\/products-2\/#breadcrumb","itemListElement":[{"@type":"ListItem","position":1,"name":"Portada","item":"https:\/\/nolimitsaudio.com\/en\/"},{"@type":"ListItem","position":2,"name":"Products"}]},{"@type":"WebSite","@id":"https:\/\/nolimitsaudio.com\/en\/#website","url":"https:\/\/nolimitsaudio.com\/en\/","name":"No Limits Audio","description":"La innovaci\u00f3n, nuestra raz\u00f3n de ser. Importador y distribuidor de Falcon Loudspeakers y JMF Audio","publisher":{"@id":"https:\/\/nolimitsaudio.com\/en\/#organization"},"potentialAction":[{"@type":"SearchAction","target":{"@type":"EntryPoint","urlTemplate":"https:\/\/nolimitsaudio.com\/en\/?s={search_term_string}"},"query-input":{"@type":"PropertyValueSpecification","valueRequired":true,"valueName":"search_term_string"}}],"inLanguage":"en-US"},{"@type":"Organization","@id":"https:\/\/nolimitsaudio.com\/en\/#organization","name":"No Limits Audio","url":"https:\/\/nolimitsaudio.com\/en\/","logo":{"@type":"ImageObject","inLanguage":"en-US","@id":"https:\/\/nolimitsaudio.com\/en\/#\/schema\/logo\/image\/","url":"https:\/\/nolimitsaudio.com\/wp-content\/uploads\/2021\/04\/no-limits-audio_logo_naranja.png","contentUrl":"https:\/\/nolimitsaudio.com\/wp-content\/uploads\/2021\/04\/no-limits-audio_logo_naranja.png","width":214,"height":133,"caption":"No Limits Audio"},"image":{"@id":"https:\/\/nolimitsaudio.com\/en\/#\/schema\/logo\/image\/"},"sameAs":["https:\/\/www.facebook.com\/nolimitsaudiospain","https:\/\/x.com\/nolimitsaudio","https:\/\/www.instagram.com\/nolimitsaudio2020\/"]}]}},"_links":{"self":[{"href":"https:\/\/nolimitsaudio.com\/en\/wp-json\/wp\/v2\/pages\/2167","targetHints":{"allow":["GET"]}}],"collection":[{"href":"https:\/\/nolimitsaudio.com\/en\/wp-json\/wp\/v2\/pages"}],"about":[{"href":"https:\/\/nolimitsaudio.com\/en\/wp-json\/wp\/v2\/types\/page"}],"author":[{"embeddable":true,"href":"https:\/\/nolimitsaudio.com\/en\/wp-json\/wp\/v2\/users\/1"}],"replies":[{"embeddable":true,"href":"https:\/\/nolimitsaudio.com\/en\/wp-json\/wp\/v2\/comments?post=2167"}],"version-history":[{"count":1,"href":"https:\/\/nolimitsaudio.com\/en\/wp-json\/wp\/v2\/pages\/2167\/revisions"}],"predecessor-version":[{"id":2168,"href":"https:\/\/nolimitsaudio.com\/en\/wp-json\/wp\/v2\/pages\/2167\/revisions\/2168"}],"wp:attachment":[{"href":"https:\/\/nolimitsaudio.com\/en\/wp-json\/wp\/v2\/media?parent=2167"}],"curies":[{"name":"wp","href":"https:\/\/api.w.org\/{rel}","templated":true}]}}